{"id":256,"date":"2023-07-06T23:23:55","date_gmt":"2023-07-06T23:23:55","guid":{"rendered":"https:\/\/vibe.wordifysites.com\/?page_id=256"},"modified":"2025-01-18T13:57:07","modified_gmt":"2025-01-18T12:57:07","slug":"om-os","status":"publish","type":"page","link":"https:\/\/nyhavntattoo.dk\/da\/om-os\/","title":{"rendered":"Om Os"},"content":{"rendered":"<div class=\"gb-container gb-container-e94bd5e9 darken-bg\">\n<div class=\"gb-container gb-container-ae7aaf9c\">\n<div class=\"gb-container gb-container-17c80962\">\n<div class=\"gb-container gb-container-32421e21\">\n<div class=\"gb-container gb-container-6f0a0a1a\"><\/div>\n\n<div class=\"gb-container gb-container-403e7a46\"><\/div>\n<\/div>\n\n\n<h1 class=\"gb-headline gb-headline-5b453725 gb-headline-text\">Om Nyhavn Tattoo<\/h1>\n\n\n\n<h4 class=\"gb-headline gb-headline-5580958b gb-headline-text\"><strong>Hvor kreativitet og verdensklasse h\u00e5ndv\u00e6rk m\u00f8des<\/strong><\/h4>\n\n\n<div class=\"gb-container gb-container-9871fcbb\">\n\n<p class=\"gb-headline gb-headline-a693ea61 gb-headline-text\">Velkommen til <strong>Nyhavn Tattoo<\/strong>, hvor kunst m\u00f8der individualitet i hjertet af K\u00f8benhavns ikoniske Nyhavn-distrikt. Vores studie er et fristed for b\u00e5de tatoveringsentusiaster og nybegyndere og tilbyder et kreativt rum, hvor hver id\u00e9 bliver til virkelighed med pr\u00e6cision, passion og omhu.<br>Hos Nyhavn Tattoo tror vi p\u00e5, at tatoveringer er mere end blot bl\u00e6k \u2013 de er en form for selvudtryk, historiefort\u00e6lling og personlig kunst. Vores team af erfarne og alsidige kunstnere specialiserer sig i et bredt udvalg af stilarter, fra minimalistiske designs til dristige og detaljerede v\u00e6rker. Uanset om du kommer med en klar vision eller har brug for vejledning til at udvikle dit koncept, er vi her for at sikre, at din tatovering bliver lige s\u00e5 unik og meningsfuld som dig.<\/p>\n\n\n\n<p class=\"gb-headline gb-headline-3e874165 gb-headline-text\">Vi byder walk-ins velkommen hver dag, s\u00e5 det er nemt for dig at g\u00f8re din inspiration til virkelighed, n\u00e5r \u00f8jeblikket opst\u00e5r. Vores engagement i kvalitet g\u00e5r ud over kunsten \u2013 vi prioriterer hygiejne, komfort og en personlig oplevelse for hver eneste kunde. Fra din f\u00f8rste konsultation til den sidste streg er vi dedikerede til at g\u00f8re din tid hos os b\u00e5de behagelig og uforglemmelig.<br>Oplev, hvorfor Nyhavn Tattoo er mere end bare et studie \u2013 det er en destination for tidl\u00f8s kropskunst, der hylder din individualitet.<\/p>\n\n<\/div>\n\n\n<a class=\"gb-button gb-button-998dc2be button-icon-shadow\" href=\"#\"><span class=\"gb-button-text\">get the vibe<\/span><span class=\"gb-icon\"><svg viewbox=\"0 0 512 512\" height=\"1em\" xmlns=\"http:\/\/www.w3.org\/2000\/svg\"><path d=\"M464 256A208 208 0 1 1 48 256a208 208 0 1 1 416 0zM0 256a256 256 0 1 0 512 0A256 256 0 1 0 0 256zM294.6 135.1c-4.2-4.5-10.1-7.1-16.3-7.1C266 128 256 138 256 150.3V208H160c-17.7 0-32 14.3-32 32v32c0 17.7 14.3 32 32 32h96v57.7c0 12.3 10 22.3 22.3 22.3c6.2 0 12.1-2.6 16.3-7.1l99.9-107.1c3.5-3.8 5.5-8.7 5.5-13.8s-2-10.1-5.5-13.8L294.6 135.1z\"><\/path><\/svg><\/span><\/a>\n\n<\/div>\n<\/div>\n<\/div>","protected":false},"excerpt":{"rendered":"<p>About Nyhavn Tattoo Where Creativity and Craftsmanship Come Together Welcome to Nyhavn Tattoo, where artistry &#8230; <a title=\"Om Os\" class=\"read-more\" href=\"https:\/\/nyhavntattoo.dk\/da\/om-os\/\" aria-label=\"Read more about About Us\">L\u00e6s Mere<\/a><\/p>","protected":false},"author":2,"featured_media":0,"parent":0,"menu_order":0,"comment_status":"closed","ping_status":"closed","template":"","meta":{"footnotes":""},"class_list":["post-256","page","type-page","status-publish"],"_links":{"self":[{"href":"https:\/\/nyhavntattoo.dk\/da\/wp-json\/wp\/v2\/pages\/256","targetHints":{"allow":["GET"]}}],"collection":[{"href":"https:\/\/nyhavntattoo.dk\/da\/wp-json\/wp\/v2\/pages"}],"about":[{"href":"https:\/\/nyhavntattoo.dk\/da\/wp-json\/wp\/v2\/types\/page"}],"author":[{"embeddable":true,"href":"https:\/\/nyhavntattoo.dk\/da\/wp-json\/wp\/v2\/users\/2"}],"replies":[{"embeddable":true,"href":"https:\/\/nyhavntattoo.dk\/da\/wp-json\/wp\/v2\/comments?post=256"}],"version-history":[{"count":9,"href":"https:\/\/nyhavntattoo.dk\/da\/wp-json\/wp\/v2\/pages\/256\/revisions"}],"predecessor-version":[{"id":1131,"href":"https:\/\/nyhavntattoo.dk\/da\/wp-json\/wp\/v2\/pages\/256\/revisions\/1131"}],"wp:attachment":[{"href":"https:\/\/nyhavntattoo.dk\/da\/wp-json\/wp\/v2\/media?parent=256"}],"curies":[{"name":"wp","href":"https:\/\/api.w.org\/{rel}","templated":true}]}}