{"id":764,"date":"2021-05-30T14:08:16","date_gmt":"2021-05-30T13:08:16","guid":{"rendered":"https:\/\/gpsites.co\/construction\/?page_id=2"},"modified":"2025-01-18T14:44:06","modified_gmt":"2025-01-18T13:44:06","slug":"home-2","status":"publish","type":"page","link":"https:\/\/nyhavntattoo.dk\/da\/","title":{"rendered":"Home"},"content":{"rendered":"<section class=\"gb-container gb-container-44ec79a4\">\n<div class=\"gb-container gb-container-5952bb85\">\n\n<h1 class=\"gb-headline gb-headline-ffb508d0 gb-headline-text\">Velkommen til Nyhavn Tattoo<\/h1>\n\n\n<div class=\"gb-container gb-container-82326bfa\">\n<div class=\"gb-container gb-container-d9ccd297\"><\/div>\n\n\n<p class=\"gb-headline gb-headline-be558a16 gb-headline-text home-heading\">Hvor kunst m\u00f8der kroppen i hjertet af k\u00f8benhavn<\/p>\n\n\n<div class=\"gb-container gb-container-c269454c\"><\/div>\n<\/div>\n\n\n<a class=\"gb-button gb-button-ae6e7119\" href=\"tel: 4524802246\"><span class=\"gb-button-text\">Ring til os p\u00e5 +45 \u00a024 80 22 46<\/span><span class=\"gb-icon\"><svg viewbox=\"0 0 44.952 44.952\" xmlns=\"http:\/\/www.w3.org\/2000\/svg\"><path d=\"M44.952 22.108c0-1.25-.478-2.424-1.362-3.308L30.627 5.831a2.5 2.5 0 0 0-3.536 0 2.511 2.511 0 0 0 0 3.546l10.574 10.57H2.484C1.102 19.948 0 21.081 0 22.464v.028c0 1.382 1.102 2.523 2.484 2.523h35.182L27.094 35.579a2.504 2.504 0 0 0 3.538 3.54l12.958-12.97a4.633 4.633 0 0 0 1.362-3.309v-.732z\"><\/path><\/svg><\/span><\/a>\n\n<\/div>\n<\/section>\n\n<section class=\"gb-container gb-container-4663a117\">\n<div class=\"gb-container gb-container-e4967560\">\n\n<figure class=\"wp-block-image size-full\"><img loading=\"lazy\" decoding=\"async\" width=\"2560\" height=\"1706\" src=\"https:\/\/nyhavntattoo.dk\/wp-content\/uploads\/2024\/12\/IMG_7923-Enhanced-NR-denoise-faceai-sharpen-scaled.jpg\" alt=\"\" class=\"wp-image-1099\" style=\"object-fit:cover\" srcset=\"https:\/\/nyhavntattoo.dk\/wp-content\/uploads\/2024\/12\/IMG_7923-Enhanced-NR-denoise-faceai-sharpen-scaled.jpg 2560w, https:\/\/nyhavntattoo.dk\/wp-content\/uploads\/2024\/12\/IMG_7923-Enhanced-NR-denoise-faceai-sharpen-300x200.jpg 300w, https:\/\/nyhavntattoo.dk\/wp-content\/uploads\/2024\/12\/IMG_7923-Enhanced-NR-denoise-faceai-sharpen-1024x683.jpg 1024w, https:\/\/nyhavntattoo.dk\/wp-content\/uploads\/2024\/12\/IMG_7923-Enhanced-NR-denoise-faceai-sharpen-768x512.jpg 768w, https:\/\/nyhavntattoo.dk\/wp-content\/uploads\/2024\/12\/IMG_7923-Enhanced-NR-denoise-faceai-sharpen-1536x1024.jpg 1536w, https:\/\/nyhavntattoo.dk\/wp-content\/uploads\/2024\/12\/IMG_7923-Enhanced-NR-denoise-faceai-sharpen-2048x1365.jpg 2048w\" sizes=\"auto, (max-width: 2560px) 100vw, 2560px\" \/><\/figure>\n\n<\/div>\n\n<div class=\"gb-container gb-container-33d09e17\">\n\n<h2 class=\"gb-headline gb-headline-eaac2bef gb-headline-text\">Dit l\u00e6rred, vores mesterv\u00e6rk<\/h2>\n\n\n\n<h2 class=\"gb-headline gb-headline-295d717b gb-headline-text\">Nyhavn Tattoo<\/h2>\n\n\n\n<p>Beliggende i det pulserende Nyhavn-distrikt i K\u00f8benhavn er Nyhavn Tattoo stedet, hvor kreativitet og h\u00e5ndv\u00e6rk m\u00f8des for at g\u00f8re dine id\u00e9er til virkelighed. Vores talentfulde kunstnere specialiserer sig i alt fra minimalistiske designs til dristige, detaljerede kunstv\u00e6rker, s\u00e5 hver tatovering fort\u00e6ller din unikke historie. Uanset om du \u00f8nsker din f\u00f8rste tatovering eller tilf\u00f8jer til en voksende samling, er vi her for at g\u00f8re din vision til virkelighed.<\/p>\n\n\n\n<p>Vi tager imod walk-ins hver dag, s\u00e5 du kan kigge forbi, n\u00e5r det passer dig, og starte din rejse med os. Vores studie kombinerer en venlig atmosf\u00e6re med professionel ekspertise og sikrer en tryg og mindev\u00e6rdig oplevelse for hver kunde. Lad Nyhavn Tattoo v\u00e6re din destination for tidl\u00f8s kropskunst.<\/p>\n\n\n\n<a class=\"gb-button gb-button-7421271b\" href=\"tel: 4524802246\"><span class=\"gb-button-text\">Ring til os p\u00e5 +45 \u00a024 80 22 46<\/span><span class=\"gb-icon\"><svg viewbox=\"0 0 44.952 44.952\" xmlns=\"http:\/\/www.w3.org\/2000\/svg\"><path d=\"M44.952 22.108c0-1.25-.478-2.424-1.362-3.308L30.627 5.831a2.5 2.5 0 0 0-3.536 0 2.511 2.511 0 0 0 0 3.546l10.574 10.57H2.484C1.102 19.948 0 21.081 0 22.464v.028c0 1.382 1.102 2.523 2.484 2.523h35.182L27.094 35.579a2.504 2.504 0 0 0 3.538 3.54l12.958-12.97a4.633 4.633 0 0 0 1.362-3.309v-.732z\"><\/path><\/svg><\/span><\/a>\n\n<\/div>\n<\/section>\n\n<div class=\"gb-container gb-container-c9840e6d\">\n<div class=\"gb-container gb-container-31cb697d\">\n<div class=\"gb-grid-wrapper gb-grid-wrapper-5e79a70e\">\n<div class=\"gb-grid-column gb-grid-column-1449abee\"><div class=\"gb-container gb-container-1449abee\">\n<div class=\"wp-block-image\">\n<figure class=\"aligncenter size-full is-resized\"><img loading=\"lazy\" decoding=\"async\" width=\"512\" height=\"512\" src=\"https:\/\/nyhavntattoo.dk\/wp-content\/uploads\/2024\/05\/swallow.png\" alt=\"\" class=\"wp-image-389\" style=\"width:60px\" srcset=\"https:\/\/nyhavntattoo.dk\/wp-content\/uploads\/2024\/05\/swallow.png 512w, https:\/\/nyhavntattoo.dk\/wp-content\/uploads\/2024\/05\/swallow-300x300.png 300w, https:\/\/nyhavntattoo.dk\/wp-content\/uploads\/2024\/05\/swallow-150x150.png 150w\" sizes=\"auto, (max-width: 512px) 100vw, 512px\" \/><\/figure>\n<\/div>\n\n\n<h4 class=\"gb-headline gb-headline-e7d76a85 gb-headline-text\">Walk-ins er velkomne<\/h4>\n\n\n<div class=\"gb-container gb-container-0014f1f5\">\n\n<p class=\"has-base-color has-text-color has-link-color wp-elements-e4bc1db513e533885d47713361ea77ab\">Ingen aftale? Intet problem! Kig forbi n\u00e5r som helst, s\u00e5 g\u00f8r vi din tatoveringsid\u00e9 til virkelighed.<\/p>\n\n<\/div>\n<\/div><\/div>\n\n<div class=\"gb-grid-column gb-grid-column-c6e997a7\"><div class=\"gb-container gb-container-c6e997a7\">\n<div class=\"wp-block-image\">\n<figure class=\"aligncenter size-full is-resized\"><img loading=\"lazy\" decoding=\"async\" width=\"512\" height=\"512\" src=\"https:\/\/nyhavntattoo.dk\/wp-content\/uploads\/2024\/05\/heart.png\" alt=\"\" class=\"wp-image-390\" style=\"width:60px\" srcset=\"https:\/\/nyhavntattoo.dk\/wp-content\/uploads\/2024\/05\/heart.png 512w, https:\/\/nyhavntattoo.dk\/wp-content\/uploads\/2024\/05\/heart-300x300.png 300w, https:\/\/nyhavntattoo.dk\/wp-content\/uploads\/2024\/05\/heart-150x150.png 150w\" sizes=\"auto, (max-width: 512px) 100vw, 512px\" \/><\/figure>\n<\/div>\n\n\n<h4 class=\"gb-headline gb-headline-81bb360b gb-headline-text\">Skr\u00e6ddersyet kunst<\/h4>\n\n\n\n<p class=\"has-base-2-color has-text-color has-link-color wp-elements-e6f6c5df4305271b6cf3bf1fa336a1b1\">Fra dristige statement-tatoveringer til detaljerede designs skaber vores talentfulde kunstnere tatoveringer, der er lige s\u00e5 unikke som dig.<\/p>\n\n<\/div><\/div>\n\n<div class=\"gb-grid-column gb-grid-column-b2f7fdda\"><div class=\"gb-container gb-container-b2f7fdda\">\n<div class=\"wp-block-image\">\n<figure class=\"aligncenter size-full is-resized\"><img loading=\"lazy\" decoding=\"async\" width=\"512\" height=\"512\" src=\"https:\/\/nyhavntattoo.dk\/wp-content\/uploads\/2024\/05\/numb-spray.png\" alt=\"\" class=\"wp-image-391\" style=\"width:60px\" srcset=\"https:\/\/nyhavntattoo.dk\/wp-content\/uploads\/2024\/05\/numb-spray.png 512w, https:\/\/nyhavntattoo.dk\/wp-content\/uploads\/2024\/05\/numb-spray-300x300.png 300w, https:\/\/nyhavntattoo.dk\/wp-content\/uploads\/2024\/05\/numb-spray-150x150.png 150w\" sizes=\"auto, (max-width: 512px) 100vw, 512px\" \/><\/figure>\n<\/div>\n\n\n<h4 class=\"gb-headline gb-headline-9e25a862 gb-headline-text\">Rent &amp; Professionnelt<\/h4>\n\n\n\n<p class=\"has-base-2-color has-text-color has-link-color wp-elements-9edb75030e82a7c6917ac2ae15e04088\">Nyd en im\u00f8dekommende atmosf\u00e6re med f\u00f8rsteklasses hygiejne og h\u00e5ndv\u00e6rk i verdensklasse.<\/p>\n\n<\/div><\/div>\n<\/div>\n<\/div>\n<\/div>","protected":false},"excerpt":{"rendered":"<p>Welcome to Nyhavn Tattoo Where Art Meets Skin in the Heart of Copenhagen Your Canvas, &#8230; <a title=\"Home\" class=\"read-more\" href=\"https:\/\/nyhavntattoo.dk\/da\/\" aria-label=\"Read more about Home\">L\u00e6s Mere<\/a><\/p>","protected":false},"author":2,"featured_media":0,"parent":0,"menu_order":0,"comment_status":"closed","ping_status":"open","template":"","meta":{"footnotes":""},"class_list":["post-764","page","type-page","status-publish"],"_links":{"self":[{"href":"https:\/\/nyhavntattoo.dk\/da\/wp-json\/wp\/v2\/pages\/764","targetHints":{"allow":["GET"]}}],"collection":[{"href":"https:\/\/nyhavntattoo.dk\/da\/wp-json\/wp\/v2\/pages"}],"about":[{"href":"https:\/\/nyhavntattoo.dk\/da\/wp-json\/wp\/v2\/types\/page"}],"author":[{"embeddable":true,"href":"https:\/\/nyhavntattoo.dk\/da\/wp-json\/wp\/v2\/users\/2"}],"replies":[{"embeddable":true,"href":"https:\/\/nyhavntattoo.dk\/da\/wp-json\/wp\/v2\/comments?post=764"}],"version-history":[{"count":27,"href":"https:\/\/nyhavntattoo.dk\/da\/wp-json\/wp\/v2\/pages\/764\/revisions"}],"predecessor-version":[{"id":1162,"href":"https:\/\/nyhavntattoo.dk\/da\/wp-json\/wp\/v2\/pages\/764\/revisions\/1162"}],"wp:attachment":[{"href":"https:\/\/nyhavntattoo.dk\/da\/wp-json\/wp\/v2\/media?parent=764"}],"curies":[{"name":"wp","href":"https:\/\/api.w.org\/{rel}","templated":true}]}}